{"id":5980,"date":"2025-12-15T12:16:02","date_gmt":"2025-12-15T17:16:02","guid":{"rendered":"https:\/\/sgfglobal.com\/?page_id=5980"},"modified":"2025-12-15T12:16:20","modified_gmt":"2025-12-15T17:16:20","slug":"telechargez-votre-cv","status":"publish","type":"page","link":"https:\/\/sgfglobal.com\/fr\/telechargez-votre-cv\/","title":{"rendered":"T\u00e9l\u00e9chargez votre CV"},"content":{"rendered":"\t\t<div data-elementor-type=\"wp-page\" data-elementor-id=\"5980\" class=\"elementor elementor-5980 elementor-5978\" data-elementor-post-type=\"page\">\n\t\t\t\t<div class=\"elementor-element elementor-element-81c1939 e-flex e-con-boxed e-con e-parent\" data-id=\"81c1939\" data-element_type=\"container\" data-e-type=\"container\" data-settings=\"{&quot;background_background&quot;:&quot;classic&quot;,&quot;jet_parallax_layout_list&quot;:[]}\">\n\t\t\t\t\t<div class=\"e-con-inner\">\n\t\t\t\t<div class=\"elementor-element elementor-element-f86602b elementor-widget elementor-widget-heading\" data-id=\"f86602b\" data-element_type=\"widget\" data-e-type=\"widget\" data-widget_type=\"heading.default\">\n\t\t\t\t\t<h1 class=\"elementor-heading-title elementor-size-default\">T\u00e9l\u00e9chargez votre <strong>CV<\/strong><\/h1>\t\t\t\t<\/div>\n\t\t\t\t<div class=\"elementor-element elementor-element-ab6d80a elementor-widget__width-initial elementor-widget elementor-widget-text-editor\" data-id=\"ab6d80a\" data-element_type=\"widget\" data-e-type=\"widget\" data-widget_type=\"text-editor.default\">\n\t\t\t\t\t\t\t\t\t<p>D\u00e9couvrez des opportunit\u00e9s de carri\u00e8re passionnantes chez SGF Global.<\/p>\t\t\t\t\t\t\t\t<\/div>\n\t\t\t\t<div class=\"elementor-element elementor-element-6256995 elementor-view-stacked elementor-absolute elementor-shape-circle elementor-widget elementor-widget-icon\" data-id=\"6256995\" data-element_type=\"widget\" data-e-type=\"widget\" data-settings=\"{&quot;_position&quot;:&quot;absolute&quot;}\" data-widget_type=\"icon.default\">\n\t\t\t\t\t\t\t<div class=\"elementor-icon-wrapper\">\n\t\t\t<div class=\"elementor-icon\">\n\t\t\t<svg xmlns=\"http:\/\/www.w3.org\/2000\/svg\" width=\"35\" height=\"35\" viewBox=\"0 0 35 35\" fill=\"none\"><path d=\"M33 17.5L17.5 33M17.5 33L2 17.5M17.5 33V2\" stroke=\"#79D1F8\" stroke-width=\"3\" stroke-linecap=\"round\" stroke-linejoin=\"round\"><\/path><\/svg>\t\t\t<\/div>\n\t\t<\/div>\n\t\t\t\t\t\t<\/div>\n\t\t\t\t\t<\/div>\n\t\t\t\t<\/div>\n\t\t<div class=\"elementor-element elementor-element-f129ad1 e-con-full e-flex e-con e-parent\" data-id=\"f129ad1\" data-element_type=\"container\" data-e-type=\"container\" data-settings=\"{&quot;jet_parallax_layout_list&quot;:[]}\">\n\t\t\t\t<div class=\"elementor-element elementor-element-f9e5c53 elementor-widget elementor-widget-html\" data-id=\"f9e5c53\" data-element_type=\"widget\" data-e-type=\"widget\" data-widget_type=\"html.default\">\n\t\t\t\t\t<iframe id=\"extFrame\" src=\"https:\/\/www2.jobdiva.com\/portal\/?a=mujdnwexqgakax2o3w0m9hpsqirx1t0ac6yp2or674eqkjo4siunulbjw56s04rz&amp;compid=-1#\/signup\" style=\"width:100%; border:0; overflow:hidden;\"><\/iframe>\t\t\t\t<\/div>\n\t\t\t\t<\/div>\n\t\t\t\t<\/div>\n\t\t","protected":false},"excerpt":{"rendered":"<p>T\u00e9l\u00e9chargez votre CV D\u00e9couvrez des opportunit\u00e9s de carri\u00e8re passionnantes chez SGF Global.<\/p>\n","protected":false},"author":1,"featured_media":0,"parent":0,"menu_order":0,"comment_status":"closed","ping_status":"closed","template":"","meta":{"footnotes":"","_links_to":"","_links_to_target":""},"class_list":["post-5980","page","type-page","status-publish","hentry"],"_links":{"self":[{"href":"https:\/\/sgfglobal.com\/fr\/wp-json\/wp\/v2\/pages\/5980","targetHints":{"allow":["GET"]}}],"collection":[{"href":"https:\/\/sgfglobal.com\/fr\/wp-json\/wp\/v2\/pages"}],"about":[{"href":"https:\/\/sgfglobal.com\/fr\/wp-json\/wp\/v2\/types\/page"}],"author":[{"embeddable":true,"href":"https:\/\/sgfglobal.com\/fr\/wp-json\/wp\/v2\/users\/1"}],"replies":[{"embeddable":true,"href":"https:\/\/sgfglobal.com\/fr\/wp-json\/wp\/v2\/comments?post=5980"}],"version-history":[{"count":1,"href":"https:\/\/sgfglobal.com\/fr\/wp-json\/wp\/v2\/pages\/5980\/revisions"}],"predecessor-version":[{"id":5984,"href":"https:\/\/sgfglobal.com\/fr\/wp-json\/wp\/v2\/pages\/5980\/revisions\/5984"}],"wp:attachment":[{"href":"https:\/\/sgfglobal.com\/fr\/wp-json\/wp\/v2\/media?parent=5980"}],"curies":[{"name":"wp","href":"https:\/\/api.w.org\/{rel}","templated":true}]}}