{"id":4766,"date":"2025-10-14T12:05:39","date_gmt":"2025-10-14T17:05:39","guid":{"rendered":"https:\/\/sgfglobal.com\/information-security-and-data-privacy-policy\/"},"modified":"2025-12-03T23:00:13","modified_gmt":"2025-12-04T04:00:13","slug":"information-security-and-data-privacy-policy","status":"publish","type":"page","link":"https:\/\/sgfglobal.com\/pt-pt\/information-security-and-data-privacy-policy\/","title":{"rendered":"Pol\u00edtica de Seguran\u00e7a da Informa\u00e7\u00e3o e Privacidade de Dados"},"content":{"rendered":"\t\t<div data-elementor-type=\"wp-page\" data-elementor-id=\"4766\" class=\"elementor elementor-4766 elementor-3380\" data-elementor-post-type=\"page\">\n\t\t\t\t<div class=\"elementor-element elementor-element-c27ea08 e-flex e-con-boxed e-con e-parent\" data-id=\"c27ea08\" data-element_type=\"container\" data-e-type=\"container\" data-settings=\"{&quot;jet_parallax_layout_list&quot;:[]}\">\n\t\t\t\t\t<div class=\"e-con-inner\">\n\t\t\t\t<div class=\"elementor-element elementor-element-1de2e6e elementor-widget elementor-widget-heading\" data-id=\"1de2e6e\" data-element_type=\"widget\" data-e-type=\"widget\" data-widget_type=\"heading.default\">\n\t\t\t\t\t<h1 class=\"elementor-heading-title elementor-size-default\">Pol\u00edtica de Seguran\u00e7a da Informa\u00e7\u00e3o e Privacidade de Dados<\/h1>\t\t\t\t<\/div>\n\t\t\t\t<div class=\"elementor-element elementor-element-0d4d510 gallery-spacing-custom elementor-widget elementor-widget-image-gallery\" data-id=\"0d4d510\" data-element_type=\"widget\" data-e-type=\"widget\" data-widget_type=\"image-gallery.default\">\n\t\t\t\t\t\t\t<div class=\"elementor-image-gallery\">\n\t\t\t<div id='gallery-1' class='gallery galleryid-4766 gallery-columns-1 gallery-size-full'><figure class='gallery-item'>\n\t\t\t<div class='gallery-icon portrait'>\n\t\t\t\t<img fetchpriority=\"high\" decoding=\"async\" width=\"1275\" height=\"1650\" src=\"https:\/\/sgfglobal.com\/wp-content\/uploads\/2025\/10\/SI-PO01-P01-Information-Security-Data-Privacy-Policy-0001.webp\" class=\"attachment-full size-full\" alt=\"\" srcset=\"https:\/\/sgfglobal.com\/wp-content\/uploads\/2025\/10\/SI-PO01-P01-Information-Security-Data-Privacy-Policy-0001.webp 1275w, https:\/\/sgfglobal.com\/wp-content\/uploads\/2025\/10\/SI-PO01-P01-Information-Security-Data-Privacy-Policy-0001-618x800.webp 618w, https:\/\/sgfglobal.com\/wp-content\/uploads\/2025\/10\/SI-PO01-P01-Information-Security-Data-Privacy-Policy-0001-989x1280.webp 989w, https:\/\/sgfglobal.com\/wp-content\/uploads\/2025\/10\/SI-PO01-P01-Information-Security-Data-Privacy-Policy-0001-768x994.webp 768w, https:\/\/sgfglobal.com\/wp-content\/uploads\/2025\/10\/SI-PO01-P01-Information-Security-Data-Privacy-Policy-0001-1187x1536.webp 1187w\" sizes=\"(max-width: 1275px) 100vw, 1275px\" \/>\n\t\t\t<\/div><\/figure><figure class='gallery-item'>\n\t\t\t<div class='gallery-icon portrait'>\n\t\t\t\t<img decoding=\"async\" width=\"1275\" height=\"1650\" src=\"https:\/\/sgfglobal.com\/wp-content\/uploads\/2025\/10\/SI-PO01-P01-Information-Security-Data-Privacy-Policy-0002.webp\" class=\"attachment-full size-full\" alt=\"\" srcset=\"https:\/\/sgfglobal.com\/wp-content\/uploads\/2025\/10\/SI-PO01-P01-Information-Security-Data-Privacy-Policy-0002.webp 1275w, https:\/\/sgfglobal.com\/wp-content\/uploads\/2025\/10\/SI-PO01-P01-Information-Security-Data-Privacy-Policy-0002-618x800.webp 618w, https:\/\/sgfglobal.com\/wp-content\/uploads\/2025\/10\/SI-PO01-P01-Information-Security-Data-Privacy-Policy-0002-989x1280.webp 989w, https:\/\/sgfglobal.com\/wp-content\/uploads\/2025\/10\/SI-PO01-P01-Information-Security-Data-Privacy-Policy-0002-768x994.webp 768w, https:\/\/sgfglobal.com\/wp-content\/uploads\/2025\/10\/SI-PO01-P01-Information-Security-Data-Privacy-Policy-0002-1187x1536.webp 1187w\" sizes=\"(max-width: 1275px) 100vw, 1275px\" \/>\n\t\t\t<\/div><\/figure><figure class='gallery-item'>\n\t\t\t<div class='gallery-icon portrait'>\n\t\t\t\t<img decoding=\"async\" width=\"1275\" height=\"1650\" src=\"https:\/\/sgfglobal.com\/wp-content\/uploads\/2025\/10\/SI-PO01-P01-Information-Security-Data-Privacy-Policy-0003.webp\" class=\"attachment-full size-full\" alt=\"\" srcset=\"https:\/\/sgfglobal.com\/wp-content\/uploads\/2025\/10\/SI-PO01-P01-Information-Security-Data-Privacy-Policy-0003.webp 1275w, https:\/\/sgfglobal.com\/wp-content\/uploads\/2025\/10\/SI-PO01-P01-Information-Security-Data-Privacy-Policy-0003-618x800.webp 618w, https:\/\/sgfglobal.com\/wp-content\/uploads\/2025\/10\/SI-PO01-P01-Information-Security-Data-Privacy-Policy-0003-989x1280.webp 989w, https:\/\/sgfglobal.com\/wp-content\/uploads\/2025\/10\/SI-PO01-P01-Information-Security-Data-Privacy-Policy-0003-768x994.webp 768w, https:\/\/sgfglobal.com\/wp-content\/uploads\/2025\/10\/SI-PO01-P01-Information-Security-Data-Privacy-Policy-0003-1187x1536.webp 1187w\" sizes=\"(max-width: 1275px) 100vw, 1275px\" \/>\n\t\t\t<\/div><\/figure><figure class='gallery-item'>\n\t\t\t<div class='gallery-icon portrait'>\n\t\t\t\t<img loading=\"lazy\" decoding=\"async\" width=\"1275\" height=\"1650\" src=\"https:\/\/sgfglobal.com\/wp-content\/uploads\/2025\/10\/SI-PO01-P01-Information-Security-Data-Privacy-Policy-0004.webp\" class=\"attachment-full size-full\" alt=\"\" srcset=\"https:\/\/sgfglobal.com\/wp-content\/uploads\/2025\/10\/SI-PO01-P01-Information-Security-Data-Privacy-Policy-0004.webp 1275w, https:\/\/sgfglobal.com\/wp-content\/uploads\/2025\/10\/SI-PO01-P01-Information-Security-Data-Privacy-Policy-0004-618x800.webp 618w, https:\/\/sgfglobal.com\/wp-content\/uploads\/2025\/10\/SI-PO01-P01-Information-Security-Data-Privacy-Policy-0004-989x1280.webp 989w, https:\/\/sgfglobal.com\/wp-content\/uploads\/2025\/10\/SI-PO01-P01-Information-Security-Data-Privacy-Policy-0004-768x994.webp 768w, https:\/\/sgfglobal.com\/wp-content\/uploads\/2025\/10\/SI-PO01-P01-Information-Security-Data-Privacy-Policy-0004-1187x1536.webp 1187w\" sizes=\"(max-width: 1275px) 100vw, 1275px\" \/>\n\t\t\t<\/div><\/figure><figure class='gallery-item'>\n\t\t\t<div class='gallery-icon portrait'>\n\t\t\t\t<img loading=\"lazy\" decoding=\"async\" width=\"1275\" height=\"1650\" src=\"https:\/\/sgfglobal.com\/wp-content\/uploads\/2025\/10\/SI-PO01-P01-Information-Security-Data-Privacy-Policy-0005.webp\" class=\"attachment-full size-full\" alt=\"\" srcset=\"https:\/\/sgfglobal.com\/wp-content\/uploads\/2025\/10\/SI-PO01-P01-Information-Security-Data-Privacy-Policy-0005.webp 1275w, https:\/\/sgfglobal.com\/wp-content\/uploads\/2025\/10\/SI-PO01-P01-Information-Security-Data-Privacy-Policy-0005-618x800.webp 618w, https:\/\/sgfglobal.com\/wp-content\/uploads\/2025\/10\/SI-PO01-P01-Information-Security-Data-Privacy-Policy-0005-989x1280.webp 989w, https:\/\/sgfglobal.com\/wp-content\/uploads\/2025\/10\/SI-PO01-P01-Information-Security-Data-Privacy-Policy-0005-768x994.webp 768w, https:\/\/sgfglobal.com\/wp-content\/uploads\/2025\/10\/SI-PO01-P01-Information-Security-Data-Privacy-Policy-0005-1187x1536.webp 1187w\" sizes=\"(max-width: 1275px) 100vw, 1275px\" \/>\n\t\t\t<\/div><\/figure><figure class='gallery-item'>\n\t\t\t<div class='gallery-icon portrait'>\n\t\t\t\t<img loading=\"lazy\" decoding=\"async\" width=\"1275\" height=\"1650\" src=\"https:\/\/sgfglobal.com\/wp-content\/uploads\/2025\/10\/SI-PO01-P01-Information-Security-Data-Privacy-Policy-0006.webp\" class=\"attachment-full size-full\" alt=\"\" srcset=\"https:\/\/sgfglobal.com\/wp-content\/uploads\/2025\/10\/SI-PO01-P01-Information-Security-Data-Privacy-Policy-0006.webp 1275w, https:\/\/sgfglobal.com\/wp-content\/uploads\/2025\/10\/SI-PO01-P01-Information-Security-Data-Privacy-Policy-0006-618x800.webp 618w, https:\/\/sgfglobal.com\/wp-content\/uploads\/2025\/10\/SI-PO01-P01-Information-Security-Data-Privacy-Policy-0006-989x1280.webp 989w, https:\/\/sgfglobal.com\/wp-content\/uploads\/2025\/10\/SI-PO01-P01-Information-Security-Data-Privacy-Policy-0006-768x994.webp 768w, https:\/\/sgfglobal.com\/wp-content\/uploads\/2025\/10\/SI-PO01-P01-Information-Security-Data-Privacy-Policy-0006-1187x1536.webp 1187w\" sizes=\"(max-width: 1275px) 100vw, 1275px\" \/>\n\t\t\t<\/div><\/figure><figure class='gallery-item'>\n\t\t\t<div class='gallery-icon portrait'>\n\t\t\t\t<img loading=\"lazy\" decoding=\"async\" width=\"1275\" height=\"1650\" src=\"https:\/\/sgfglobal.com\/wp-content\/uploads\/2025\/10\/SI-PO01-P01-Information-Security-Data-Privacy-Policy-0007.webp\" class=\"attachment-full size-full\" alt=\"\" srcset=\"https:\/\/sgfglobal.com\/wp-content\/uploads\/2025\/10\/SI-PO01-P01-Information-Security-Data-Privacy-Policy-0007.webp 1275w, https:\/\/sgfglobal.com\/wp-content\/uploads\/2025\/10\/SI-PO01-P01-Information-Security-Data-Privacy-Policy-0007-618x800.webp 618w, https:\/\/sgfglobal.com\/wp-content\/uploads\/2025\/10\/SI-PO01-P01-Information-Security-Data-Privacy-Policy-0007-989x1280.webp 989w, https:\/\/sgfglobal.com\/wp-content\/uploads\/2025\/10\/SI-PO01-P01-Information-Security-Data-Privacy-Policy-0007-768x994.webp 768w, https:\/\/sgfglobal.com\/wp-content\/uploads\/2025\/10\/SI-PO01-P01-Information-Security-Data-Privacy-Policy-0007-1187x1536.webp 1187w\" sizes=\"(max-width: 1275px) 100vw, 1275px\" \/>\n\t\t\t<\/div><\/figure><figure class='gallery-item'>\n\t\t\t<div class='gallery-icon portrait'>\n\t\t\t\t<img loading=\"lazy\" decoding=\"async\" width=\"1275\" height=\"1650\" src=\"https:\/\/sgfglobal.com\/wp-content\/uploads\/2025\/10\/SI-PO01-P01-Information-Security-Data-Privacy-Policy-0008.webp\" class=\"attachment-full size-full\" alt=\"\" srcset=\"https:\/\/sgfglobal.com\/wp-content\/uploads\/2025\/10\/SI-PO01-P01-Information-Security-Data-Privacy-Policy-0008.webp 1275w, https:\/\/sgfglobal.com\/wp-content\/uploads\/2025\/10\/SI-PO01-P01-Information-Security-Data-Privacy-Policy-0008-618x800.webp 618w, https:\/\/sgfglobal.com\/wp-content\/uploads\/2025\/10\/SI-PO01-P01-Information-Security-Data-Privacy-Policy-0008-989x1280.webp 989w, https:\/\/sgfglobal.com\/wp-content\/uploads\/2025\/10\/SI-PO01-P01-Information-Security-Data-Privacy-Policy-0008-768x994.webp 768w, https:\/\/sgfglobal.com\/wp-content\/uploads\/2025\/10\/SI-PO01-P01-Information-Security-Data-Privacy-Policy-0008-1187x1536.webp 1187w\" sizes=\"(max-width: 1275px) 100vw, 1275px\" \/>\n\t\t\t<\/div><\/figure><figure class='gallery-item'>\n\t\t\t<div class='gallery-icon portrait'>\n\t\t\t\t<img loading=\"lazy\" decoding=\"async\" width=\"1275\" height=\"1650\" src=\"https:\/\/sgfglobal.com\/wp-content\/uploads\/2025\/10\/SI-PO01-P01-Information-Security-Data-Privacy-Policy-0009.webp\" class=\"attachment-full size-full\" alt=\"\" srcset=\"https:\/\/sgfglobal.com\/wp-content\/uploads\/2025\/10\/SI-PO01-P01-Information-Security-Data-Privacy-Policy-0009.webp 1275w, https:\/\/sgfglobal.com\/wp-content\/uploads\/2025\/10\/SI-PO01-P01-Information-Security-Data-Privacy-Policy-0009-618x800.webp 618w, https:\/\/sgfglobal.com\/wp-content\/uploads\/2025\/10\/SI-PO01-P01-Information-Security-Data-Privacy-Policy-0009-989x1280.webp 989w, https:\/\/sgfglobal.com\/wp-content\/uploads\/2025\/10\/SI-PO01-P01-Information-Security-Data-Privacy-Policy-0009-768x994.webp 768w, https:\/\/sgfglobal.com\/wp-content\/uploads\/2025\/10\/SI-PO01-P01-Information-Security-Data-Privacy-Policy-0009-1187x1536.webp 1187w\" sizes=\"(max-width: 1275px) 100vw, 1275px\" \/>\n\t\t\t<\/div><\/figure><figure class='gallery-item'>\n\t\t\t<div class='gallery-icon portrait'>\n\t\t\t\t<img loading=\"lazy\" decoding=\"async\" width=\"1275\" height=\"1650\" src=\"https:\/\/sgfglobal.com\/wp-content\/uploads\/2025\/10\/SI-PO01-P01-Information-Security-Data-Privacy-Policy-0010.webp\" class=\"attachment-full size-full\" alt=\"\" srcset=\"https:\/\/sgfglobal.com\/wp-content\/uploads\/2025\/10\/SI-PO01-P01-Information-Security-Data-Privacy-Policy-0010.webp 1275w, https:\/\/sgfglobal.com\/wp-content\/uploads\/2025\/10\/SI-PO01-P01-Information-Security-Data-Privacy-Policy-0010-618x800.webp 618w, https:\/\/sgfglobal.com\/wp-content\/uploads\/2025\/10\/SI-PO01-P01-Information-Security-Data-Privacy-Policy-0010-989x1280.webp 989w, https:\/\/sgfglobal.com\/wp-content\/uploads\/2025\/10\/SI-PO01-P01-Information-Security-Data-Privacy-Policy-0010-768x994.webp 768w, https:\/\/sgfglobal.com\/wp-content\/uploads\/2025\/10\/SI-PO01-P01-Information-Security-Data-Privacy-Policy-0010-1187x1536.webp 1187w\" sizes=\"(max-width: 1275px) 100vw, 1275px\" \/>\n\t\t\t<\/div><\/figure><figure class='gallery-item'>\n\t\t\t<div class='gallery-icon portrait'>\n\t\t\t\t<img loading=\"lazy\" decoding=\"async\" width=\"1275\" height=\"1650\" src=\"https:\/\/sgfglobal.com\/wp-content\/uploads\/2025\/10\/SI-PO01-P01-Information-Security-Data-Privacy-Policy-0011.webp\" class=\"attachment-full size-full\" alt=\"\" srcset=\"https:\/\/sgfglobal.com\/wp-content\/uploads\/2025\/10\/SI-PO01-P01-Information-Security-Data-Privacy-Policy-0011.webp 1275w, https:\/\/sgfglobal.com\/wp-content\/uploads\/2025\/10\/SI-PO01-P01-Information-Security-Data-Privacy-Policy-0011-618x800.webp 618w, https:\/\/sgfglobal.com\/wp-content\/uploads\/2025\/10\/SI-PO01-P01-Information-Security-Data-Privacy-Policy-0011-989x1280.webp 989w, https:\/\/sgfglobal.com\/wp-content\/uploads\/2025\/10\/SI-PO01-P01-Information-Security-Data-Privacy-Policy-0011-768x994.webp 768w, https:\/\/sgfglobal.com\/wp-content\/uploads\/2025\/10\/SI-PO01-P01-Information-Security-Data-Privacy-Policy-0011-1187x1536.webp 1187w\" sizes=\"(max-width: 1275px) 100vw, 1275px\" \/>\n\t\t\t<\/div><\/figure><figure class='gallery-item'>\n\t\t\t<div class='gallery-icon portrait'>\n\t\t\t\t<img loading=\"lazy\" decoding=\"async\" width=\"1275\" height=\"1650\" src=\"https:\/\/sgfglobal.com\/wp-content\/uploads\/2025\/10\/SI-PO01-P01-Information-Security-Data-Privacy-Policy-0012.webp\" class=\"attachment-full size-full\" alt=\"\" srcset=\"https:\/\/sgfglobal.com\/wp-content\/uploads\/2025\/10\/SI-PO01-P01-Information-Security-Data-Privacy-Policy-0012.webp 1275w, https:\/\/sgfglobal.com\/wp-content\/uploads\/2025\/10\/SI-PO01-P01-Information-Security-Data-Privacy-Policy-0012-618x800.webp 618w, https:\/\/sgfglobal.com\/wp-content\/uploads\/2025\/10\/SI-PO01-P01-Information-Security-Data-Privacy-Policy-0012-989x1280.webp 989w, https:\/\/sgfglobal.com\/wp-content\/uploads\/2025\/10\/SI-PO01-P01-Information-Security-Data-Privacy-Policy-0012-768x994.webp 768w, https:\/\/sgfglobal.com\/wp-content\/uploads\/2025\/10\/SI-PO01-P01-Information-Security-Data-Privacy-Policy-0012-1187x1536.webp 1187w\" sizes=\"(max-width: 1275px) 100vw, 1275px\" \/>\n\t\t\t<\/div><\/figure><figure class='gallery-item'>\n\t\t\t<div class='gallery-icon portrait'>\n\t\t\t\t<img loading=\"lazy\" decoding=\"async\" width=\"1275\" height=\"1650\" src=\"https:\/\/sgfglobal.com\/wp-content\/uploads\/2025\/10\/SI-PO01-P01-Information-Security-Data-Privacy-Policy-0013.webp\" class=\"attachment-full size-full\" alt=\"\" srcset=\"https:\/\/sgfglobal.com\/wp-content\/uploads\/2025\/10\/SI-PO01-P01-Information-Security-Data-Privacy-Policy-0013.webp 1275w, https:\/\/sgfglobal.com\/wp-content\/uploads\/2025\/10\/SI-PO01-P01-Information-Security-Data-Privacy-Policy-0013-618x800.webp 618w, https:\/\/sgfglobal.com\/wp-content\/uploads\/2025\/10\/SI-PO01-P01-Information-Security-Data-Privacy-Policy-0013-989x1280.webp 989w, https:\/\/sgfglobal.com\/wp-content\/uploads\/2025\/10\/SI-PO01-P01-Information-Security-Data-Privacy-Policy-0013-768x994.webp 768w, https:\/\/sgfglobal.com\/wp-content\/uploads\/2025\/10\/SI-PO01-P01-Information-Security-Data-Privacy-Policy-0013-1187x1536.webp 1187w\" sizes=\"(max-width: 1275px) 100vw, 1275px\" \/>\n\t\t\t<\/div><\/figure><figure class='gallery-item'>\n\t\t\t<div class='gallery-icon portrait'>\n\t\t\t\t<img loading=\"lazy\" decoding=\"async\" width=\"1275\" height=\"1650\" src=\"https:\/\/sgfglobal.com\/wp-content\/uploads\/2025\/10\/SI-PO01-P01-Information-Security-Data-Privacy-Policy-0014.webp\" class=\"attachment-full size-full\" alt=\"\" srcset=\"https:\/\/sgfglobal.com\/wp-content\/uploads\/2025\/10\/SI-PO01-P01-Information-Security-Data-Privacy-Policy-0014.webp 1275w, https:\/\/sgfglobal.com\/wp-content\/uploads\/2025\/10\/SI-PO01-P01-Information-Security-Data-Privacy-Policy-0014-618x800.webp 618w, https:\/\/sgfglobal.com\/wp-content\/uploads\/2025\/10\/SI-PO01-P01-Information-Security-Data-Privacy-Policy-0014-989x1280.webp 989w, https:\/\/sgfglobal.com\/wp-content\/uploads\/2025\/10\/SI-PO01-P01-Information-Security-Data-Privacy-Policy-0014-768x994.webp 768w, https:\/\/sgfglobal.com\/wp-content\/uploads\/2025\/10\/SI-PO01-P01-Information-Security-Data-Privacy-Policy-0014-1187x1536.webp 1187w\" sizes=\"(max-width: 1275px) 100vw, 1275px\" \/>\n\t\t\t<\/div><\/figure>\n\t\t<\/div>\n\t\t<\/div>\n\t\t\t\t\t\t<\/div>\n\t\t\t\t\t<\/div>\n\t\t\t\t<\/div>\n\t\t\t\t<\/div>\n\t\t","protected":false},"excerpt":{"rendered":"","protected":false},"author":1,"featured_media":0,"parent":0,"menu_order":0,"comment_status":"closed","ping_status":"closed","template":"","meta":{"footnotes":"","_links_to":"","_links_to_target":""},"class_list":["post-4766","page","type-page","status-publish","hentry"],"_links":{"self":[{"href":"https:\/\/sgfglobal.com\/pt-pt\/wp-json\/wp\/v2\/pages\/4766","targetHints":{"allow":["GET"]}}],"collection":[{"href":"https:\/\/sgfglobal.com\/pt-pt\/wp-json\/wp\/v2\/pages"}],"about":[{"href":"https:\/\/sgfglobal.com\/pt-pt\/wp-json\/wp\/v2\/types\/page"}],"author":[{"embeddable":true,"href":"https:\/\/sgfglobal.com\/pt-pt\/wp-json\/wp\/v2\/users\/1"}],"replies":[{"embeddable":true,"href":"https:\/\/sgfglobal.com\/pt-pt\/wp-json\/wp\/v2\/comments?post=4766"}],"version-history":[{"count":1,"href":"https:\/\/sgfglobal.com\/pt-pt\/wp-json\/wp\/v2\/pages\/4766\/revisions"}],"predecessor-version":[{"id":4770,"href":"https:\/\/sgfglobal.com\/pt-pt\/wp-json\/wp\/v2\/pages\/4766\/revisions\/4770"}],"wp:attachment":[{"href":"https:\/\/sgfglobal.com\/pt-pt\/wp-json\/wp\/v2\/media?parent=4766"}],"curies":[{"name":"wp","href":"https:\/\/api.w.org\/{rel}","templated":true}]}}