{"id":4769,"date":"2025-10-14T11:57:32","date_gmt":"2025-10-14T16:57:32","guid":{"rendered":"https:\/\/sgfglobal.com\/anti-bribery-policy\/"},"modified":"2025-12-03T23:00:14","modified_gmt":"2025-12-04T04:00:14","slug":"anti-bribery-policy","status":"publish","type":"page","link":"https:\/\/sgfglobal.com\/pt-pt\/anti-bribery-policy\/","title":{"rendered":"Pol\u00edtica Anticorrup\u00e7\u00e3o, Antissuborno e Antifraude"},"content":{"rendered":"\t\t<div data-elementor-type=\"wp-page\" data-elementor-id=\"4769\" class=\"elementor elementor-4769 elementor-3363\" data-elementor-post-type=\"page\">\n\t\t\t\t<div class=\"elementor-element elementor-element-c27ea08 e-flex e-con-boxed e-con e-parent\" data-id=\"c27ea08\" data-element_type=\"container\" data-e-type=\"container\" data-settings=\"{&quot;jet_parallax_layout_list&quot;:[]}\">\n\t\t\t\t\t<div class=\"e-con-inner\">\n\t\t\t\t<div class=\"elementor-element elementor-element-1de2e6e elementor-widget elementor-widget-heading\" data-id=\"1de2e6e\" data-element_type=\"widget\" data-e-type=\"widget\" data-widget_type=\"heading.default\">\n\t\t\t\t\t<h1 class=\"elementor-heading-title elementor-size-default\">Pol\u00edtica Anticorrup\u00e7\u00e3o, Antissuborno e Antifraude<\/h1>\t\t\t\t<\/div>\n\t\t\t\t<div class=\"elementor-element elementor-element-0d4d510 gallery-spacing-custom elementor-widget elementor-widget-image-gallery\" data-id=\"0d4d510\" data-element_type=\"widget\" data-e-type=\"widget\" data-widget_type=\"image-gallery.default\">\n\t\t\t\t\t\t\t<div class=\"elementor-image-gallery\">\n\t\t\t<div id='gallery-1' class='gallery galleryid-4769 gallery-columns-1 gallery-size-full'><figure class='gallery-item'>\n\t\t\t<div class='gallery-icon portrait'>\n\t\t\t\t<img fetchpriority=\"high\" decoding=\"async\" width=\"1240\" height=\"1756\" src=\"https:\/\/sgfglobal.com\/wp-content\/uploads\/2025\/10\/anti-Bribery-Corruption-Fraud-Policy-2025-0001.webp\" class=\"attachment-full size-full\" alt=\"\" srcset=\"https:\/\/sgfglobal.com\/wp-content\/uploads\/2025\/10\/anti-Bribery-Corruption-Fraud-Policy-2025-0001.webp 1240w, https:\/\/sgfglobal.com\/wp-content\/uploads\/2025\/10\/anti-Bribery-Corruption-Fraud-Policy-2025-0001-565x800.webp 565w, https:\/\/sgfglobal.com\/wp-content\/uploads\/2025\/10\/anti-Bribery-Corruption-Fraud-Policy-2025-0001-904x1280.webp 904w, https:\/\/sgfglobal.com\/wp-content\/uploads\/2025\/10\/anti-Bribery-Corruption-Fraud-Policy-2025-0001-768x1088.webp 768w, https:\/\/sgfglobal.com\/wp-content\/uploads\/2025\/10\/anti-Bribery-Corruption-Fraud-Policy-2025-0001-1085x1536.webp 1085w\" sizes=\"(max-width: 1240px) 100vw, 1240px\" \/>\n\t\t\t<\/div><\/figure><figure class='gallery-item'>\n\t\t\t<div class='gallery-icon portrait'>\n\t\t\t\t<img decoding=\"async\" width=\"1240\" height=\"1756\" src=\"https:\/\/sgfglobal.com\/wp-content\/uploads\/2025\/10\/anti-Bribery-Corruption-Fraud-Policy-2025-0002.webp\" class=\"attachment-full size-full\" alt=\"\" srcset=\"https:\/\/sgfglobal.com\/wp-content\/uploads\/2025\/10\/anti-Bribery-Corruption-Fraud-Policy-2025-0002.webp 1240w, https:\/\/sgfglobal.com\/wp-content\/uploads\/2025\/10\/anti-Bribery-Corruption-Fraud-Policy-2025-0002-565x800.webp 565w, https:\/\/sgfglobal.com\/wp-content\/uploads\/2025\/10\/anti-Bribery-Corruption-Fraud-Policy-2025-0002-904x1280.webp 904w, https:\/\/sgfglobal.com\/wp-content\/uploads\/2025\/10\/anti-Bribery-Corruption-Fraud-Policy-2025-0002-768x1088.webp 768w, https:\/\/sgfglobal.com\/wp-content\/uploads\/2025\/10\/anti-Bribery-Corruption-Fraud-Policy-2025-0002-1085x1536.webp 1085w\" sizes=\"(max-width: 1240px) 100vw, 1240px\" \/>\n\t\t\t<\/div><\/figure><figure class='gallery-item'>\n\t\t\t<div class='gallery-icon portrait'>\n\t\t\t\t<img decoding=\"async\" width=\"1240\" height=\"1756\" src=\"https:\/\/sgfglobal.com\/wp-content\/uploads\/2025\/10\/anti-Bribery-Corruption-Fraud-Policy-2025-0003.webp\" class=\"attachment-full size-full\" alt=\"\" srcset=\"https:\/\/sgfglobal.com\/wp-content\/uploads\/2025\/10\/anti-Bribery-Corruption-Fraud-Policy-2025-0003.webp 1240w, https:\/\/sgfglobal.com\/wp-content\/uploads\/2025\/10\/anti-Bribery-Corruption-Fraud-Policy-2025-0003-565x800.webp 565w, https:\/\/sgfglobal.com\/wp-content\/uploads\/2025\/10\/anti-Bribery-Corruption-Fraud-Policy-2025-0003-904x1280.webp 904w, https:\/\/sgfglobal.com\/wp-content\/uploads\/2025\/10\/anti-Bribery-Corruption-Fraud-Policy-2025-0003-768x1088.webp 768w, https:\/\/sgfglobal.com\/wp-content\/uploads\/2025\/10\/anti-Bribery-Corruption-Fraud-Policy-2025-0003-1085x1536.webp 1085w\" sizes=\"(max-width: 1240px) 100vw, 1240px\" \/>\n\t\t\t<\/div><\/figure><figure class='gallery-item'>\n\t\t\t<div class='gallery-icon portrait'>\n\t\t\t\t<img loading=\"lazy\" decoding=\"async\" width=\"1240\" height=\"1756\" src=\"https:\/\/sgfglobal.com\/wp-content\/uploads\/2025\/10\/anti-Bribery-Corruption-Fraud-Policy-2025-0004.webp\" class=\"attachment-full size-full\" alt=\"\" srcset=\"https:\/\/sgfglobal.com\/wp-content\/uploads\/2025\/10\/anti-Bribery-Corruption-Fraud-Policy-2025-0004.webp 1240w, https:\/\/sgfglobal.com\/wp-content\/uploads\/2025\/10\/anti-Bribery-Corruption-Fraud-Policy-2025-0004-565x800.webp 565w, https:\/\/sgfglobal.com\/wp-content\/uploads\/2025\/10\/anti-Bribery-Corruption-Fraud-Policy-2025-0004-904x1280.webp 904w, https:\/\/sgfglobal.com\/wp-content\/uploads\/2025\/10\/anti-Bribery-Corruption-Fraud-Policy-2025-0004-768x1088.webp 768w, https:\/\/sgfglobal.com\/wp-content\/uploads\/2025\/10\/anti-Bribery-Corruption-Fraud-Policy-2025-0004-1085x1536.webp 1085w\" sizes=\"(max-width: 1240px) 100vw, 1240px\" \/>\n\t\t\t<\/div><\/figure><figure class='gallery-item'>\n\t\t\t<div class='gallery-icon portrait'>\n\t\t\t\t<img loading=\"lazy\" decoding=\"async\" width=\"1240\" height=\"1756\" src=\"https:\/\/sgfglobal.com\/wp-content\/uploads\/2025\/10\/anti-Bribery-Corruption-Fraud-Policy-2025-0005.webp\" class=\"attachment-full size-full\" alt=\"\" srcset=\"https:\/\/sgfglobal.com\/wp-content\/uploads\/2025\/10\/anti-Bribery-Corruption-Fraud-Policy-2025-0005.webp 1240w, https:\/\/sgfglobal.com\/wp-content\/uploads\/2025\/10\/anti-Bribery-Corruption-Fraud-Policy-2025-0005-565x800.webp 565w, https:\/\/sgfglobal.com\/wp-content\/uploads\/2025\/10\/anti-Bribery-Corruption-Fraud-Policy-2025-0005-904x1280.webp 904w, https:\/\/sgfglobal.com\/wp-content\/uploads\/2025\/10\/anti-Bribery-Corruption-Fraud-Policy-2025-0005-768x1088.webp 768w, https:\/\/sgfglobal.com\/wp-content\/uploads\/2025\/10\/anti-Bribery-Corruption-Fraud-Policy-2025-0005-1085x1536.webp 1085w\" sizes=\"(max-width: 1240px) 100vw, 1240px\" \/>\n\t\t\t<\/div><\/figure>\n\t\t<\/div>\n\t\t<\/div>\n\t\t\t\t\t\t<\/div>\n\t\t\t\t\t<\/div>\n\t\t\t\t<\/div>\n\t\t\t\t<\/div>\n\t\t","protected":false},"excerpt":{"rendered":"","protected":false},"author":1,"featured_media":0,"parent":0,"menu_order":0,"comment_status":"closed","ping_status":"closed","template":"","meta":{"footnotes":"","_links_to":"","_links_to_target":""},"class_list":["post-4769","page","type-page","status-publish","hentry"],"_links":{"self":[{"href":"https:\/\/sgfglobal.com\/pt-pt\/wp-json\/wp\/v2\/pages\/4769","targetHints":{"allow":["GET"]}}],"collection":[{"href":"https:\/\/sgfglobal.com\/pt-pt\/wp-json\/wp\/v2\/pages"}],"about":[{"href":"https:\/\/sgfglobal.com\/pt-pt\/wp-json\/wp\/v2\/types\/page"}],"author":[{"embeddable":true,"href":"https:\/\/sgfglobal.com\/pt-pt\/wp-json\/wp\/v2\/users\/1"}],"replies":[{"embeddable":true,"href":"https:\/\/sgfglobal.com\/pt-pt\/wp-json\/wp\/v2\/comments?post=4769"}],"version-history":[{"count":1,"href":"https:\/\/sgfglobal.com\/pt-pt\/wp-json\/wp\/v2\/pages\/4769\/revisions"}],"predecessor-version":[{"id":4772,"href":"https:\/\/sgfglobal.com\/pt-pt\/wp-json\/wp\/v2\/pages\/4769\/revisions\/4772"}],"wp:attachment":[{"href":"https:\/\/sgfglobal.com\/pt-pt\/wp-json\/wp\/v2\/media?parent=4769"}],"curies":[{"name":"wp","href":"https:\/\/api.w.org\/{rel}","templated":true}]}}